{"id":914,"date":"2024-03-14T18:11:12","date_gmt":"2024-03-14T17:11:12","guid":{"rendered":"https:\/\/ge4youth.eu\/principiantes\/"},"modified":"2024-04-04T12:25:56","modified_gmt":"2024-04-04T10:25:56","slug":"principiantes","status":"publish","type":"page","link":"https:\/\/ge4youth.eu\/es\/principiantes\/","title":{"rendered":"Principiantes"},"content":{"rendered":"<div class=\"fusion-fullwidth fullwidth-box fusion-builder-row-1 fusion-flex-container has-pattern-background has-mask-background nonhundred-percent-fullwidth non-hundred-percent-height-scrolling\" style=\"--awb-border-radius-top-left:0px;--awb-border-radius-top-right:0px;--awb-border-radius-bottom-right:0px;--awb-border-radius-bottom-left:0px;--awb-padding-top:0px;--awb-padding-right:0px;--awb-padding-bottom:0px;--awb-padding-left:0px;--awb-margin-top:10vh;\" ><div class=\"fusion-builder-row fusion-row fusion-flex-align-items-flex-start\" style=\"max-width:calc( 1440px + 5vw );margin-left: calc(-5vw \/ 2 );margin-right: calc(-5vw \/ 2 );\"><div class=\"fusion-layout-column fusion_builder_column fusion-builder-column-0 fusion_builder_column_1_3 1_3 fusion-flex-column\" style=\"--awb-bg-size:cover;--awb-width-large:33.333333333333%;--awb-margin-top-large:0px;--awb-spacing-right-large:2.5vw;--awb-margin-bottom-large:0px;--awb-spacing-left-large:calc( 0.24 * calc( 100% - 5vw ) );--awb-width-medium:33.333333333333%;--awb-order-medium:0;--awb-spacing-right-medium:2.5vw;--awb-spacing-left-medium:calc( 0.24 * calc( 100% - 5vw ) );--awb-width-small:100%;--awb-order-small:0;--awb-spacing-right-small:2.5vw;--awb-spacing-left-small:2.5vw;\"><div class=\"fusion-column-wrapper fusion-column-has-shadow fusion-flex-justify-content-flex-start fusion-content-layout-column\"><div class=\"fusion-title title fusion-title-1 fusion-sep-none fusion-title-text fusion-title-size-one\" style=\"--awb-margin-top:0px;--awb-margin-bottom:1rem;--awb-margin-top-small:0px;--awb-margin-bottom-small:1rem;--awb-font-size:48px;\"><h1 class=\"title-heading-left\" style=\"margin:0;font-size:1em;line-height:1.2;\">GE4YOUTH CURSO ONLINE TRABAJADORES JUVENILES \u2013 <span style=\"color: #99cc00;\">principiantes<\/span><\/h1><\/div><div class=\"fusion-text fusion-text-1 fusion-text-no-margin\" style=\"--awb-content-alignment:left;--awb-text-color:var(--awb-color7);--awb-margin-bottom:1.5rem;\"><p>Este programa integral est\u00e1 dise\u00f1ado para sentar las bases de una comprensi\u00f3n informada y un compromiso activo en temas cr\u00edticos relevantes para el crecimiento personal, la participaci\u00f3n en la comunidad y la ciudadan\u00eda global.<\/p>\n<\/div><div ><a class=\"fusion-button button-flat fusion-button-default-size button-default fusion-button-default button-1 fusion-button-default-span fusion-button-default-type\" target=\"_self\" href=\"https:\/\/elearning.ge4youth.eu\/es\/courses\/curso-electronico-para-trabajadores-sociales-nivel-principiante\/\"><span class=\"fusion-button-text\">Plataforma de e-learning<\/span><\/a><\/div><div class=\"fusion-text fusion-text-2\" style=\"--awb-font-size:var(--awb-typography4-font-size);--awb-line-height:var(--awb-typography4-line-height);--awb-letter-spacing:var(--awb-typography4-letter-spacing);--awb-text-transform:var(--awb-typography4-text-transform);--awb-margin-top:2rem;--awb-text-font-family:&quot;Barlow&quot;;--awb-text-font-style:normal;--awb-text-font-weight:700;\"><p>Material adicional para principiantes:<\/p>\n<\/div><ul style=\"--awb-iconcolor:var(--awb-color5);--awb-line-height:27.2px;--awb-icon-width:27.2px;--awb-icon-height:27.2px;--awb-icon-margin:11.2px;--awb-content-margin:38.4px;\" class=\"fusion-checklist fusion-checklist-1 fusion-checklist-default type-icons\"><li class=\"fusion-li-item\" style=\"\"><span class=\"icon-wrapper circle-no\"><i class=\"fusion-li-icon fa-file-pdf fas\" aria-hidden=\"true\"><\/i><\/span><div class=\"fusion-li-item-content\">\n<p><a href=\"https:\/\/ge4youth.eu\/wp-content\/uploads\/2024\/03\/GE4YOUTH-Guia-Usuario-ES.pdf\" target=\"_blank\" rel=\"noopener\">Plataforma de aprendizaje &#8211; Gu\u00eda del usuario<\/a><\/p>\n<\/div><\/li><li class=\"fusion-li-item\" style=\"\"><span class=\"icon-wrapper circle-no\"><i class=\"fusion-li-icon fa-file-pdf fas\" aria-hidden=\"true\"><\/i><\/span><div class=\"fusion-li-item-content\">\n<p><a href=\"https:\/\/ge4youth.eu\/wp-content\/uploads\/2024\/03\/GE4YOUTH-LOs-BEGINNERS-ES.pdf\" target=\"_blank\" rel=\"noopener\">Resultados del aprendizaje<\/a><\/p>\n<\/div><\/li><\/ul><\/div><\/div><div class=\"fusion-layout-column fusion_builder_column fusion-builder-column-1 fusion_builder_column_3_5 3_5 fusion-flex-column\" style=\"--awb-bg-size:cover;--awb-width-large:60%;--awb-margin-top-large:0px;--awb-spacing-right-large:2.5vw;--awb-margin-bottom-large:0px;--awb-spacing-left-large:2.5vw;--awb-width-medium:60%;--awb-order-medium:0;--awb-spacing-right-medium:2.5vw;--awb-spacing-left-medium:2.5vw;--awb-width-small:100%;--awb-order-small:0;--awb-spacing-right-small:2.5vw;--awb-spacing-left-small:2.5vw;\"><div class=\"fusion-column-wrapper fusion-column-has-shadow fusion-flex-justify-content-flex-start fusion-content-layout-column\"><div class=\"fusion-image-element \" style=\"--awb-caption-title-size:var(--h2_typography-font-size);--awb-caption-title-transform:var(--h2_typography-text-transform);--awb-caption-title-line-height:var(--h2_typography-line-height);--awb-caption-title-letter-spacing:var(--h2_typography-letter-spacing);\"><span class=\" fusion-imageframe imageframe-none imageframe-1 hover-type-none\"><img decoding=\"async\" width=\"800\" height=\"2000\" title=\"BEGINNERS Info-graphics EN\" src=\"https:\/\/ge4youth.eu\/wp-content\/uploads\/2024\/03\/BEGINNERS-Info-graphics-EN.jpg\" alt class=\"img-responsive wp-image-696\" srcset=\"https:\/\/ge4youth.eu\/wp-content\/uploads\/2024\/03\/BEGINNERS-Info-graphics-EN-200x500.jpg 200w, https:\/\/ge4youth.eu\/wp-content\/uploads\/2024\/03\/BEGINNERS-Info-graphics-EN-400x1000.jpg 400w, https:\/\/ge4youth.eu\/wp-content\/uploads\/2024\/03\/BEGINNERS-Info-graphics-EN-600x1500.jpg 600w, https:\/\/ge4youth.eu\/wp-content\/uploads\/2024\/03\/BEGINNERS-Info-graphics-EN.jpg 800w\" sizes=\"(max-width: 640px) 100vw, 800px\" \/><\/span><\/div><\/div><\/div><\/div><\/div>\n","protected":false},"excerpt":{"rendered":"","protected":false},"author":3,"featured_media":0,"parent":0,"menu_order":0,"comment_status":"closed","ping_status":"closed","template":"100-width.php","meta":{"_monsterinsights_skip_tracking":false,"_monsterinsights_sitenote_active":false,"_monsterinsights_sitenote_note":"","_monsterinsights_sitenote_category":0,"footnotes":""},"class_list":["post-914","page","type-page","status-publish","hentry"],"_links":{"self":[{"href":"https:\/\/ge4youth.eu\/es\/wp-json\/wp\/v2\/pages\/914","targetHints":{"allow":["GET"]}}],"collection":[{"href":"https:\/\/ge4youth.eu\/es\/wp-json\/wp\/v2\/pages"}],"about":[{"href":"https:\/\/ge4youth.eu\/es\/wp-json\/wp\/v2\/types\/page"}],"author":[{"embeddable":true,"href":"https:\/\/ge4youth.eu\/es\/wp-json\/wp\/v2\/users\/3"}],"replies":[{"embeddable":true,"href":"https:\/\/ge4youth.eu\/es\/wp-json\/wp\/v2\/comments?post=914"}],"version-history":[{"count":17,"href":"https:\/\/ge4youth.eu\/es\/wp-json\/wp\/v2\/pages\/914\/revisions"}],"predecessor-version":[{"id":1327,"href":"https:\/\/ge4youth.eu\/es\/wp-json\/wp\/v2\/pages\/914\/revisions\/1327"}],"wp:attachment":[{"href":"https:\/\/ge4youth.eu\/es\/wp-json\/wp\/v2\/media?parent=914"}],"curies":[{"name":"wp","href":"https:\/\/api.w.org\/{rel}","templated":true}]}}